{"id":311,"date":"2021-05-14T12:44:15","date_gmt":"2021-05-14T10:44:15","guid":{"rendered":"https:\/\/riverdent.cz\/our-services\/"},"modified":"2024-01-19T16:42:26","modified_gmt":"2024-01-19T15:42:26","slug":"our-services","status":"publish","type":"page","link":"https:\/\/riverdent.cz\/en\/our-services\/","title":{"rendered":"Our Services"},"content":{"rendered":"","protected":false},"excerpt":{"rendered":"","protected":false},"author":1,"featured_media":0,"parent":0,"menu_order":0,"comment_status":"closed","ping_status":"closed","template":"page-templates\/_sluzby.php","meta":{"_acf_changed":false,"inline_featured_image":false,"footnotes":""},"acf":[],"yoast_head":"<!-- This site is optimized with the Yoast SEO plugin v22.0 - https:\/\/yoast.com\/wordpress\/plugins\/seo\/ -->\n<title>Our Services - Riverdent<\/title>\n<meta name=\"robots\" content=\"index, follow, max-snippet:-1, max-image-preview:large, max-video-preview:-1\" \/>\n<link rel=\"canonical\" href=\"https:\/\/riverdent.cz\/en\/our-services\/\" \/>\n<meta property=\"og:locale\" content=\"en_US\" \/>\n<meta property=\"og:type\" content=\"article\" \/>\n<meta property=\"og:title\" content=\"Our Services - Riverdent\" \/>\n<meta property=\"og:url\" content=\"https:\/\/riverdent.cz\/en\/our-services\/\" \/>\n<meta property=\"og:site_name\" content=\"Riverdent\" \/>\n<meta property=\"article:modified_time\" content=\"2024-01-19T15:42:26+00:00\" \/>\n<meta name=\"twitter:card\" content=\"summary_large_image\" \/>\n<script type=\"application\/ld+json\" class=\"yoast-schema-graph\">{\"@context\":\"https:\/\/schema.org\",\"@graph\":[{\"@type\":\"WebPage\",\"@id\":\"https:\/\/riverdent.cz\/en\/our-services\/\",\"url\":\"https:\/\/riverdent.cz\/en\/our-services\/\",\"name\":\"Our Services - Riverdent\",\"isPartOf\":{\"@id\":\"https:\/\/riverdent.cz\/en\/#website\"},\"datePublished\":\"2021-05-14T10:44:15+00:00\",\"dateModified\":\"2024-01-19T15:42:26+00:00\",\"breadcrumb\":{\"@id\":\"https:\/\/riverdent.cz\/en\/our-services\/#breadcrumb\"},\"inLanguage\":\"en-US\",\"potentialAction\":[{\"@type\":\"ReadAction\",\"target\":[\"https:\/\/riverdent.cz\/en\/our-services\/\"]}]},{\"@type\":\"BreadcrumbList\",\"@id\":\"https:\/\/riverdent.cz\/en\/our-services\/#breadcrumb\",\"itemListElement\":[{\"@type\":\"ListItem\",\"position\":1,\"name\":\"Dom\u016f\",\"item\":\"https:\/\/riverdent.cz\/en\/\"},{\"@type\":\"ListItem\",\"position\":2,\"name\":\"Our Services\"}]},{\"@type\":\"WebSite\",\"@id\":\"https:\/\/riverdent.cz\/en\/#website\",\"url\":\"https:\/\/riverdent.cz\/en\/\",\"name\":\"Riverdent\",\"description\":\"Postar\u00e1me se o v\u00e1\u0161 zdrav\u00fd \u00fasm\u011bv\",\"potentialAction\":[{\"@type\":\"SearchAction\",\"target\":{\"@type\":\"EntryPoint\",\"urlTemplate\":\"https:\/\/riverdent.cz\/en\/?s={search_term_string}\"},\"query-input\":\"required name=search_term_string\"}],\"inLanguage\":\"en-US\"}]}<\/script>\n<!-- \/ Yoast SEO plugin. -->","yoast_head_json":{"title":"Our Services - Riverdent","robots":{"index":"index","follow":"follow","max-snippet":"max-snippet:-1","max-image-preview":"max-image-preview:large","max-video-preview":"max-video-preview:-1"},"canonical":"https:\/\/riverdent.cz\/en\/our-services\/","og_locale":"en_US","og_type":"article","og_title":"Our Services - Riverdent","og_url":"https:\/\/riverdent.cz\/en\/our-services\/","og_site_name":"Riverdent","article_modified_time":"2024-01-19T15:42:26+00:00","twitter_card":"summary_large_image","schema":{"@context":"https:\/\/schema.org","@graph":[{"@type":"WebPage","@id":"https:\/\/riverdent.cz\/en\/our-services\/","url":"https:\/\/riverdent.cz\/en\/our-services\/","name":"Our Services - Riverdent","isPartOf":{"@id":"https:\/\/riverdent.cz\/en\/#website"},"datePublished":"2021-05-14T10:44:15+00:00","dateModified":"2024-01-19T15:42:26+00:00","breadcrumb":{"@id":"https:\/\/riverdent.cz\/en\/our-services\/#breadcrumb"},"inLanguage":"en-US","potentialAction":[{"@type":"ReadAction","target":["https:\/\/riverdent.cz\/en\/our-services\/"]}]},{"@type":"BreadcrumbList","@id":"https:\/\/riverdent.cz\/en\/our-services\/#breadcrumb","itemListElement":[{"@type":"ListItem","position":1,"name":"Dom\u016f","item":"https:\/\/riverdent.cz\/en\/"},{"@type":"ListItem","position":2,"name":"Our Services"}]},{"@type":"WebSite","@id":"https:\/\/riverdent.cz\/en\/#website","url":"https:\/\/riverdent.cz\/en\/","name":"Riverdent","description":"Postar\u00e1me se o v\u00e1\u0161 zdrav\u00fd \u00fasm\u011bv","potentialAction":[{"@type":"SearchAction","target":{"@type":"EntryPoint","urlTemplate":"https:\/\/riverdent.cz\/en\/?s={search_term_string}"},"query-input":"required name=search_term_string"}],"inLanguage":"en-US"}]}},"_links":{"self":[{"href":"https:\/\/riverdent.cz\/en\/wp-json\/wp\/v2\/pages\/311"}],"collection":[{"href":"https:\/\/riverdent.cz\/en\/wp-json\/wp\/v2\/pages"}],"about":[{"href":"https:\/\/riverdent.cz\/en\/wp-json\/wp\/v2\/types\/page"}],"author":[{"embeddable":true,"href":"https:\/\/riverdent.cz\/en\/wp-json\/wp\/v2\/users\/1"}],"replies":[{"embeddable":true,"href":"https:\/\/riverdent.cz\/en\/wp-json\/wp\/v2\/comments?post=311"}],"version-history":[{"count":1,"href":"https:\/\/riverdent.cz\/en\/wp-json\/wp\/v2\/pages\/311\/revisions"}],"predecessor-version":[{"id":312,"href":"https:\/\/riverdent.cz\/en\/wp-json\/wp\/v2\/pages\/311\/revisions\/312"}],"wp:attachment":[{"href":"https:\/\/riverdent.cz\/en\/wp-json\/wp\/v2\/media?parent=311"}],"curies":[{"name":"wp","href":"https:\/\/api.w.org\/{rel}","templated":true}]}}